{"id":13113,"date":"2022-02-09T15:23:58","date_gmt":"2022-02-09T14:23:58","guid":{"rendered":"https:\/\/www.bbcamereasiago.it\/?post_type=product&#038;p=13113"},"modified":"2026-02-03T11:23:46","modified_gmt":"2026-02-03T10:23:46","slug":"camera-dei-cuori","status":"publish","type":"product","link":"https:\/\/www.bbcamereasiago.it\/it\/camere\/camera-dei-cuori\/","title":{"rendered":"Camera dei cuori"},"content":{"rendered":"<div class=\"wpb-content-wrapper\"><p>[vc_row][vc_column][vc_tta_accordion active_section=&#8221;&#8221; collapsible_all=&#8221;true&#8221;][vc_tta_section title=&#8221;Servizi&#8221; tab_id=&#8221;servizi&#8221;][vc_column_text]<strong>Su richiesta:<\/strong><\/p>\n<ul>\n<li>in questa camera \u00e8 possibile aggiungere un piccolo letto per 1 bambino\/a fino a 10 anni. Contattaci via email o telefono nel caso avessi bisogno di effettuare la prenotazione con questa configurazione.<\/li>\n<\/ul>\n<p><strong>Inclusi nel prezzo:<\/strong><\/p>\n<ul>\n<li>Ricca colazione (dalle 7.00 alle 11.00) con prodotti freschi della nostra pasticceria o appena sfornati dal nostro panificio<\/li>\n<li>Pulizie giornaliere<\/li>\n<li>Ingresso indipendente 24\/24 ore<\/li>\n<li>Ampio armadio<\/li>\n<li>Frigo bar<\/li>\n<li>Cassaforte<\/li>\n<li>Service bar con teiera per tisane rilassanti o ristoratrici prima di riposare<\/li>\n<li>Schermo tv ultra piatto 42\u201d<\/li>\n<li>Servizi con set bagno<\/li>\n<li>Doccia emozionale con cromoterapia che vi rilasser\u00e0 dopo le passeggiate in centro, le sciate o le escursioni nella magica natura dell\u2019altopiano<\/li>\n<li>Termostato in ogni ambiente per farvi scegliere la temperatura ideale per il vostro soggiorno<\/li>\n<li>Parcheggio gratuito a 50 metri<\/li>\n<\/ul>\n<p><strong>A pagamento:<\/strong><\/p>\n<ul>\n<li>Posto auto coperto in garage su prenotazione<\/li>\n<li>Servizio bar in camera<\/li>\n<li>Pranzo al sacco<\/li>\n<\/ul>\n<p>[\/vc_column_text][\/vc_tta_section][vc_tta_section title=&#8221;Dimensioni&#8221; tab_id=&#8221;dimensioni&#8221;][vc_column_text]Camera: 18 mq<br \/>\nBagno: 6 mq[\/vc_column_text][\/vc_tta_section][vc_tta_section title=&#8221;Prezzi ed offerte&#8221; tab_id=&#8221;prezzi&#8221;][vc_column_text]<strong>Prezzo base<br \/>\n<\/strong>110\u20ac\/notte<\/p>\n<p><small>I prezzi sono soggetti a variazioni in base all&#8217;occupazione delle camere ed al periodo scelto. Vi consigliamo pertanto di inserire le date di vostro interesse nel form di prenotazione in questa pagina per visualizzare il prezzo del vostro soggiorno.<\/small>[\/vc_column_text][\/vc_tta_section][\/vc_tta_accordion][\/vc_column][\/vc_row]<\/p>\n<\/div>","protected":false},"excerpt":{"rendered":"<p>Una camera romantica ed elegante dotata di confort da Grand Hotel nell&#8217;intimit\u00e0 di un B&amp;B nel centro storico di Asiago. Luminosissima, le sue finestre affacciano sulla Piazza del Duomo e dei Giardini, dove gi\u00e0 da Novembre vengono allestite le casette dei mercatini di Natale. Questa camera \u00e8 perfetta per i pi\u00f9 romantici.<\/p>\n","protected":false},"featured_media":12803,"template":"","meta":[],"product_brand":[],"product_cat":[15],"product_tag":[],"class_list":{"0":"post-13113","1":"product","2":"type-product","3":"status-publish","4":"has-post-thumbnail","6":"product_cat-categoria-camere","7":"yith_booking_service-colazione","9":"first","10":"instock","11":"virtual","12":"sold-individually","13":"purchasable","14":"product-type-booking"},"yoast_head":"<!-- This site is optimized with the Yoast SEO plugin v26.8 - https:\/\/yoast.com\/product\/yoast-seo-wordpress\/ -->\n<title>Camera dei cuori | B&amp;B Keple<\/title>\n<meta name=\"description\" content=\"Una camera romantica ed elegante dotata di confort da Grand Hotel nell&#039;intimit\u00e0 di un B&amp;B nel centro storico di Asiago. Luminosissima, le sue finestre affacciano sulla Piazza del Duomo e dei Giardini, dove gi\u00e0 da Novembre vengono allestite le casette dei mercatini di Natale. Questa camera \u00e8 perfetta per i pi\u00f9 romantici.\" \/>\n<meta name=\"robots\" content=\"index, follow, max-snippet:-1, max-image-preview:large, max-video-preview:-1\" \/>\n<link rel=\"canonical\" href=\"https:\/\/www.bbcamereasiago.it\/it\/camere\/camera-dei-cuori\/\" \/>\n<meta property=\"og:locale\" content=\"it_IT\" \/>\n<meta property=\"og:type\" content=\"article\" \/>\n<meta property=\"og:title\" content=\"Camera dei cuori | B&amp;B Keple\" \/>\n<meta property=\"og:description\" content=\"Una camera romantica ed elegante dotata di confort da Grand Hotel nell&#039;intimit\u00e0 di un B&amp;B nel centro storico di Asiago. Luminosissima, le sue finestre affacciano sulla Piazza del Duomo e dei Giardini, dove gi\u00e0 da Novembre vengono allestite le casette dei mercatini di Natale. Questa camera \u00e8 perfetta per i pi\u00f9 romantici.\" \/>\n<meta property=\"og:url\" content=\"https:\/\/www.bbcamereasiago.it\/it\/camere\/camera-dei-cuori\/\" \/>\n<meta property=\"og:site_name\" content=\"B&amp;B Keple\" \/>\n<meta property=\"article:modified_time\" content=\"2026-02-03T10:23:46+00:00\" \/>\n<meta property=\"og:image\" content=\"https:\/\/www.bbcamereasiago.it\/cms\/wp-content\/uploads\/2021\/09\/Camera-dei-cuori-BnB-KEPLE-Asiago_.jpg\" \/>\n\t<meta property=\"og:image:width\" content=\"1200\" \/>\n\t<meta property=\"og:image:height\" content=\"1200\" \/>\n\t<meta property=\"og:image:type\" content=\"image\/jpeg\" \/>\n<meta name=\"twitter:card\" content=\"summary_large_image\" \/>\n<meta name=\"twitter:label1\" content=\"Tempo di lettura stimato\" \/>\n\t<meta name=\"twitter:data1\" content=\"2 minuti\" \/>\n<script type=\"application\/ld+json\" class=\"yoast-schema-graph\">{\"@context\":\"https:\/\/schema.org\",\"@graph\":[{\"@type\":\"WebPage\",\"@id\":\"https:\/\/www.bbcamereasiago.it\/it\/camere\/camera-dei-cuori\/\",\"url\":\"https:\/\/www.bbcamereasiago.it\/it\/camere\/camera-dei-cuori\/\",\"name\":\"Camera dei cuori | B&amp;B Keple\",\"isPartOf\":{\"@id\":\"https:\/\/www.bbcamereasiago.it\/it\/#website\"},\"primaryImageOfPage\":{\"@id\":\"https:\/\/www.bbcamereasiago.it\/it\/camere\/camera-dei-cuori\/#primaryimage\"},\"image\":{\"@id\":\"https:\/\/www.bbcamereasiago.it\/it\/camere\/camera-dei-cuori\/#primaryimage\"},\"thumbnailUrl\":\"https:\/\/www.bbcamereasiago.it\/cms\/wp-content\/uploads\/2021\/09\/Camera-dei-cuori-BnB-KEPLE-Asiago_.jpg\",\"datePublished\":\"2022-02-09T14:23:58+00:00\",\"dateModified\":\"2026-02-03T10:23:46+00:00\",\"description\":\"Una camera romantica ed elegante dotata di confort da Grand Hotel nell'intimit\u00e0 di un B&amp;B nel centro storico di Asiago. Luminosissima, le sue finestre affacciano sulla Piazza del Duomo e dei Giardini, dove gi\u00e0 da Novembre vengono allestite le casette dei mercatini di Natale. Questa camera \u00e8 perfetta per i pi\u00f9 romantici.\",\"breadcrumb\":{\"@id\":\"https:\/\/www.bbcamereasiago.it\/it\/camere\/camera-dei-cuori\/#breadcrumb\"},\"inLanguage\":\"it-IT\",\"potentialAction\":[{\"@type\":\"ReadAction\",\"target\":[\"https:\/\/www.bbcamereasiago.it\/it\/camere\/camera-dei-cuori\/\"]}]},{\"@type\":\"ImageObject\",\"inLanguage\":\"it-IT\",\"@id\":\"https:\/\/www.bbcamereasiago.it\/it\/camere\/camera-dei-cuori\/#primaryimage\",\"url\":\"https:\/\/www.bbcamereasiago.it\/cms\/wp-content\/uploads\/2021\/09\/Camera-dei-cuori-BnB-KEPLE-Asiago_.jpg\",\"contentUrl\":\"https:\/\/www.bbcamereasiago.it\/cms\/wp-content\/uploads\/2021\/09\/Camera-dei-cuori-BnB-KEPLE-Asiago_.jpg\",\"width\":1200,\"height\":1200,\"caption\":\"Camera dei cuori BnB KEPLE Asiago_\"},{\"@type\":\"BreadcrumbList\",\"@id\":\"https:\/\/www.bbcamereasiago.it\/it\/camere\/camera-dei-cuori\/#breadcrumb\",\"itemListElement\":[{\"@type\":\"ListItem\",\"position\":1,\"name\":\"Home\",\"item\":\"https:\/\/www.bbcamereasiago.it\/it\/\"},{\"@type\":\"ListItem\",\"position\":2,\"name\":\"Camere e Prezzi\",\"item\":\"https:\/\/www.bbcamereasiago.it\/it\/camere-prezzi\/\"},{\"@type\":\"ListItem\",\"position\":3,\"name\":\"Camere\",\"item\":\"https:\/\/www.bbcamereasiago.it\/it\/tipo\/categoria-camere\/\"},{\"@type\":\"ListItem\",\"position\":4,\"name\":\"Camera dei cuori\"}]},{\"@type\":\"WebSite\",\"@id\":\"https:\/\/www.bbcamereasiago.it\/it\/#website\",\"url\":\"https:\/\/www.bbcamereasiago.it\/it\/\",\"name\":\"B&amp;B Keple\",\"description\":\"B&amp;B Asiago\",\"publisher\":{\"@id\":\"https:\/\/www.bbcamereasiago.it\/it\/#organization\"},\"potentialAction\":[{\"@type\":\"SearchAction\",\"target\":{\"@type\":\"EntryPoint\",\"urlTemplate\":\"https:\/\/www.bbcamereasiago.it\/it\/?s={search_term_string}\"},\"query-input\":{\"@type\":\"PropertyValueSpecification\",\"valueRequired\":true,\"valueName\":\"search_term_string\"}}],\"inLanguage\":\"it-IT\"},{\"@type\":\"Organization\",\"@id\":\"https:\/\/www.bbcamereasiago.it\/it\/#organization\",\"name\":\"Keple\",\"url\":\"https:\/\/www.bbcamereasiago.it\/it\/\",\"logo\":{\"@type\":\"ImageObject\",\"inLanguage\":\"it-IT\",\"@id\":\"https:\/\/www.bbcamereasiago.it\/it\/#\/schema\/logo\/image\/\",\"url\":\"https:\/\/www.bbcamereasiago.it\/cms\/wp-content\/uploads\/2021\/09\/apple-touch-icon-180x180-1.png\",\"contentUrl\":\"https:\/\/www.bbcamereasiago.it\/cms\/wp-content\/uploads\/2021\/09\/apple-touch-icon-180x180-1.png\",\"width\":180,\"height\":180,\"caption\":\"Keple\"},\"image\":{\"@id\":\"https:\/\/www.bbcamereasiago.it\/it\/#\/schema\/logo\/image\/\"}}]}<\/script>\n<!-- \/ Yoast SEO plugin. -->","yoast_head_json":{"title":"Camera dei cuori | B&amp;B Keple","description":"Una camera romantica ed elegante dotata di confort da Grand Hotel nell'intimit\u00e0 di un B&amp;B nel centro storico di Asiago. Luminosissima, le sue finestre affacciano sulla Piazza del Duomo e dei Giardini, dove gi\u00e0 da Novembre vengono allestite le casette dei mercatini di Natale. Questa camera \u00e8 perfetta per i pi\u00f9 romantici.","robots":{"index":"index","follow":"follow","max-snippet":"max-snippet:-1","max-image-preview":"max-image-preview:large","max-video-preview":"max-video-preview:-1"},"canonical":"https:\/\/www.bbcamereasiago.it\/it\/camere\/camera-dei-cuori\/","og_locale":"it_IT","og_type":"article","og_title":"Camera dei cuori | B&amp;B Keple","og_description":"Una camera romantica ed elegante dotata di confort da Grand Hotel nell'intimit\u00e0 di un B&amp;B nel centro storico di Asiago. Luminosissima, le sue finestre affacciano sulla Piazza del Duomo e dei Giardini, dove gi\u00e0 da Novembre vengono allestite le casette dei mercatini di Natale. Questa camera \u00e8 perfetta per i pi\u00f9 romantici.","og_url":"https:\/\/www.bbcamereasiago.it\/it\/camere\/camera-dei-cuori\/","og_site_name":"B&amp;B Keple","article_modified_time":"2026-02-03T10:23:46+00:00","og_image":[{"width":1200,"height":1200,"url":"https:\/\/www.bbcamereasiago.it\/cms\/wp-content\/uploads\/2021\/09\/Camera-dei-cuori-BnB-KEPLE-Asiago_.jpg","type":"image\/jpeg"}],"twitter_card":"summary_large_image","twitter_misc":{"Tempo di lettura stimato":"2 minuti"},"schema":{"@context":"https:\/\/schema.org","@graph":[{"@type":"WebPage","@id":"https:\/\/www.bbcamereasiago.it\/it\/camere\/camera-dei-cuori\/","url":"https:\/\/www.bbcamereasiago.it\/it\/camere\/camera-dei-cuori\/","name":"Camera dei cuori | B&amp;B Keple","isPartOf":{"@id":"https:\/\/www.bbcamereasiago.it\/it\/#website"},"primaryImageOfPage":{"@id":"https:\/\/www.bbcamereasiago.it\/it\/camere\/camera-dei-cuori\/#primaryimage"},"image":{"@id":"https:\/\/www.bbcamereasiago.it\/it\/camere\/camera-dei-cuori\/#primaryimage"},"thumbnailUrl":"https:\/\/www.bbcamereasiago.it\/cms\/wp-content\/uploads\/2021\/09\/Camera-dei-cuori-BnB-KEPLE-Asiago_.jpg","datePublished":"2022-02-09T14:23:58+00:00","dateModified":"2026-02-03T10:23:46+00:00","description":"Una camera romantica ed elegante dotata di confort da Grand Hotel nell'intimit\u00e0 di un B&amp;B nel centro storico di Asiago. Luminosissima, le sue finestre affacciano sulla Piazza del Duomo e dei Giardini, dove gi\u00e0 da Novembre vengono allestite le casette dei mercatini di Natale. Questa camera \u00e8 perfetta per i pi\u00f9 romantici.","breadcrumb":{"@id":"https:\/\/www.bbcamereasiago.it\/it\/camere\/camera-dei-cuori\/#breadcrumb"},"inLanguage":"it-IT","potentialAction":[{"@type":"ReadAction","target":["https:\/\/www.bbcamereasiago.it\/it\/camere\/camera-dei-cuori\/"]}]},{"@type":"ImageObject","inLanguage":"it-IT","@id":"https:\/\/www.bbcamereasiago.it\/it\/camere\/camera-dei-cuori\/#primaryimage","url":"https:\/\/www.bbcamereasiago.it\/cms\/wp-content\/uploads\/2021\/09\/Camera-dei-cuori-BnB-KEPLE-Asiago_.jpg","contentUrl":"https:\/\/www.bbcamereasiago.it\/cms\/wp-content\/uploads\/2021\/09\/Camera-dei-cuori-BnB-KEPLE-Asiago_.jpg","width":1200,"height":1200,"caption":"Camera dei cuori BnB KEPLE Asiago_"},{"@type":"BreadcrumbList","@id":"https:\/\/www.bbcamereasiago.it\/it\/camere\/camera-dei-cuori\/#breadcrumb","itemListElement":[{"@type":"ListItem","position":1,"name":"Home","item":"https:\/\/www.bbcamereasiago.it\/it\/"},{"@type":"ListItem","position":2,"name":"Camere e Prezzi","item":"https:\/\/www.bbcamereasiago.it\/it\/camere-prezzi\/"},{"@type":"ListItem","position":3,"name":"Camere","item":"https:\/\/www.bbcamereasiago.it\/it\/tipo\/categoria-camere\/"},{"@type":"ListItem","position":4,"name":"Camera dei cuori"}]},{"@type":"WebSite","@id":"https:\/\/www.bbcamereasiago.it\/it\/#website","url":"https:\/\/www.bbcamereasiago.it\/it\/","name":"B&amp;B Keple","description":"B&amp;B Asiago","publisher":{"@id":"https:\/\/www.bbcamereasiago.it\/it\/#organization"},"potentialAction":[{"@type":"SearchAction","target":{"@type":"EntryPoint","urlTemplate":"https:\/\/www.bbcamereasiago.it\/it\/?s={search_term_string}"},"query-input":{"@type":"PropertyValueSpecification","valueRequired":true,"valueName":"search_term_string"}}],"inLanguage":"it-IT"},{"@type":"Organization","@id":"https:\/\/www.bbcamereasiago.it\/it\/#organization","name":"Keple","url":"https:\/\/www.bbcamereasiago.it\/it\/","logo":{"@type":"ImageObject","inLanguage":"it-IT","@id":"https:\/\/www.bbcamereasiago.it\/it\/#\/schema\/logo\/image\/","url":"https:\/\/www.bbcamereasiago.it\/cms\/wp-content\/uploads\/2021\/09\/apple-touch-icon-180x180-1.png","contentUrl":"https:\/\/www.bbcamereasiago.it\/cms\/wp-content\/uploads\/2021\/09\/apple-touch-icon-180x180-1.png","width":180,"height":180,"caption":"Keple"},"image":{"@id":"https:\/\/www.bbcamereasiago.it\/it\/#\/schema\/logo\/image\/"}}]}},"_links":{"self":[{"href":"https:\/\/www.bbcamereasiago.it\/it\/wp-json\/wp\/v2\/product\/13113","targetHints":{"allow":["GET"]}}],"collection":[{"href":"https:\/\/www.bbcamereasiago.it\/it\/wp-json\/wp\/v2\/product"}],"about":[{"href":"https:\/\/www.bbcamereasiago.it\/it\/wp-json\/wp\/v2\/types\/product"}],"wp:featuredmedia":[{"embeddable":true,"href":"https:\/\/www.bbcamereasiago.it\/it\/wp-json\/wp\/v2\/media\/12803"}],"wp:attachment":[{"href":"https:\/\/www.bbcamereasiago.it\/it\/wp-json\/wp\/v2\/media?parent=13113"}],"wp:term":[{"taxonomy":"product_brand","embeddable":true,"href":"https:\/\/www.bbcamereasiago.it\/it\/wp-json\/wp\/v2\/product_brand?post=13113"},{"taxonomy":"product_cat","embeddable":true,"href":"https:\/\/www.bbcamereasiago.it\/it\/wp-json\/wp\/v2\/product_cat?post=13113"},{"taxonomy":"product_tag","embeddable":true,"href":"https:\/\/www.bbcamereasiago.it\/it\/wp-json\/wp\/v2\/product_tag?post=13113"}],"curies":[{"name":"wp","href":"https:\/\/api.w.org\/{rel}","templated":true}]}}